{"id":31,"date":"2025-08-16T14:14:24","date_gmt":"2025-08-16T14:14:24","guid":{"rendered":"https:\/\/apartamentypobierowo.com\/?page_id=31"},"modified":"2025-08-16T16:50:10","modified_gmt":"2025-08-16T16:50:10","slug":"strona-domowa","status":"publish","type":"page","link":"https:\/\/apartamentypobierowo.com\/","title":{"rendered":"Apartamenty MARIVA Pobierowo"},"content":{"rendered":"\n<div class=\"wp-block-cover alignfull is-light wp-duotone-var--ast-global-color-5-ffffff-1\" style=\"min-height:100vh;aspect-ratio:unset;\"><img loading=\"lazy\" decoding=\"async\" width=\"1920\" height=\"2560\" class=\"wp-block-cover__image-background wp-image-74 size-large\" alt=\"\" src=\"http:\/\/apartamentypobierowo.com\/wp-content\/uploads\/2025\/08\/5d01b34b-fd67-4693-a0ce-cf8711f8962e-1_all_398-scaled.jpg\" data-object-fit=\"cover\" srcset=\"https:\/\/apartamentypobierowo.com\/wp-content\/uploads\/2025\/08\/5d01b34b-fd67-4693-a0ce-cf8711f8962e-1_all_398-scaled.jpg 1920w, https:\/\/apartamentypobierowo.com\/wp-content\/uploads\/2025\/08\/5d01b34b-fd67-4693-a0ce-cf8711f8962e-1_all_398-225x300.jpg 225w, https:\/\/apartamentypobierowo.com\/wp-content\/uploads\/2025\/08\/5d01b34b-fd67-4693-a0ce-cf8711f8962e-1_all_398-768x1024.jpg 768w, https:\/\/apartamentypobierowo.com\/wp-content\/uploads\/2025\/08\/5d01b34b-fd67-4693-a0ce-cf8711f8962e-1_all_398-1152x1536.jpg 1152w, https:\/\/apartamentypobierowo.com\/wp-content\/uploads\/2025\/08\/5d01b34b-fd67-4693-a0ce-cf8711f8962e-1_all_398-1536x2048.jpg 1536w\" sizes=\"auto, (max-width: 1920px) 100vw, 1920px\" \/><span aria-hidden=\"true\" class=\"wp-block-cover__background has-background-dim wp-block-cover__gradient-background has-background-gradient\" style=\"background-color:#8b92a3;background:linear-gradient(35deg,rgb(6,0,151) 0%,rgb(130,4,255) 73%,rgb(193,15,255) 100%)\"><\/span><div class=\"wp-block-cover__inner-container is-layout-flow wp-block-cover-is-layout-flow\">\n<div class=\"inherit-container-width wp-block-group alignwide is-layout-constrained wp-block-group-is-layout-constrained\">\n<div class=\"wp-block-cover alignwide is-light\"><span aria-hidden=\"true\" class=\"wp-block-cover__background has-background-dim\"><\/span><div class=\"wp-block-cover__inner-container is-layout-flow wp-block-cover-is-layout-flow\">\n<h1 class=\"wp-block-heading has-text-align-left has-white-color has-text-color\">Apartamenty MARIVA Pobierowo <\/h1>\n\n\n\n<h2 class=\"wp-block-heading has-text-align-left\">&#8211; blisko morza i lasu<\/h2>\n\n\n\n<p class=\"has-white-color has-text-color\">Odpocznij w komfortowych apartamentach tu\u017c przy pla\u017cy.<\/p>\n\n\n\n<div class=\"wp-block-buttons is-layout-flex wp-block-buttons-is-layout-flex\">\n<div class=\"wp-block-button\"><a class=\"wp-block-button__link wp-element-button\" href=\"#\">Zarezerwuj ju\u017c dzi\u015b!<\/a><\/div>\n<\/div>\n<\/div><\/div>\n<\/div>\n<\/div><\/div>\n\n\n\n<div class=\"wp-block-group alignfull has-ast-global-color-5-background-color has-background is-layout-constrained wp-container-core-group-is-layout-9cedb757 wp-block-group-is-layout-constrained\" style=\"padding-bottom:0px\">\n<div class=\"wp-block-columns are-vertically-aligned-top is-layout-flex wp-container-core-columns-is-layout-00723822 wp-block-columns-is-layout-flex\">\n<div class=\"wp-block-column is-vertically-aligned-top is-layout-flow wp-container-core-column-is-layout-6b73ce23 wp-block-column-is-layout-flow\">\n<figure class=\"wp-block-image size-large\"><img decoding=\"async\" src=\"https:\/\/apartamentypobierowo.com\/wp-content\/themes\/astra\/inc\/assets\/images\/starter-content\/building.svg\" alt=\"\" class=\"wp-image-134\"\/><\/figure>\n\n\n\n<h4 class=\"wp-block-heading has-text-align-left\" style=\"margin-top:16px\">Blisko morza i lasu<\/h4>\n\n\n\n<p><\/p>\n\n\n\n<p><\/p>\n\n\n\n<p class=\"has-text-align-left\">Odpocznij kilka krok\u00f3w od pla\u017cy i sosnowego lasu. Nasze apartamenty zlokalizowane s\u0105 w spokojnej cz\u0119\u015bci Pobierowa &#8211; przy pla\u017cy i sosnowym lesie, kilka minut od centrum, zapewniaj\u0105c idealne warunki do relaksu.<\/p>\n<\/div>\n\n\n\n<div class=\"wp-block-column is-vertically-aligned-top is-layout-flow wp-container-core-column-is-layout-6b73ce23 wp-block-column-is-layout-flow\">\n<figure class=\"wp-block-image size-large\"><img decoding=\"async\" src=\"https:\/\/apartamentypobierowo.com\/wp-content\/themes\/astra\/inc\/assets\/images\/starter-content\/shopping-bag.svg\" alt=\"\" class=\"wp-image-135\"\/><\/figure>\n\n\n\n<h4 class=\"wp-block-heading has-text-align-left\" style=\"margin-top:16px\">Komfortowe wyposa\u017cenie<\/h4>\n\n\n\n<p><\/p>\n\n\n\n<p><\/p>\n\n\n\n<p class=\"has-text-align-left\">Wszystko czego potrzebujesz by poczu\u0107 si\u0119 jak w domu. \u0141\u0105czymy nowoczesny design z funkcjonalno\u015bci\u0105. Ka\u017cde wn\u0119trze jest starannie zaprojektowane by zapewni\u0107 komfort i wygod\u0119. <\/p>\n<\/div>\n\n\n\n<div class=\"wp-block-column is-vertically-aligned-top is-layout-flow wp-container-core-column-is-layout-6b73ce23 wp-block-column-is-layout-flow\">\n<figure class=\"wp-block-image size-large\"><img decoding=\"async\" src=\"https:\/\/apartamentypobierowo.com\/wp-content\/themes\/astra\/inc\/assets\/images\/starter-content\/blog.svg\" alt=\"\" class=\"wp-image-136\"\/><\/figure>\n\n\n\n<h4 class=\"wp-block-heading has-text-align-left\" style=\"margin-top:16px\">Prywatny ogr\u00f3dek lub przestronny balkon<\/h4>\n\n\n\n<p><\/p>\n\n\n\n<p class=\"has-text-align-left\">Przygotuj si\u0119 na niezapomniane chwile relaksu, tylko dla Ciebie. Kawa na \u015bwie\u017cym powietrzu smakuje najlepiej. Prywatny ogr\u00f3dek czy przestronny balkon &#8211; Ty wybierasz! <\/p>\n<\/div>\n\n\n\n<div class=\"wp-block-column is-vertically-aligned-top is-layout-flow wp-container-core-column-is-layout-6b73ce23 wp-block-column-is-layout-flow\">\n<figure class=\"wp-block-image size-large\"><img decoding=\"async\" src=\"https:\/\/apartamentypobierowo.com\/wp-content\/themes\/astra\/inc\/assets\/images\/starter-content\/blog.svg\" alt=\"\" class=\"wp-image-136\"\/><\/figure>\n\n\n\n<h4 class=\"wp-block-heading has-text-align-left\" style=\"margin-top:16px\">Bezp\u0142atne akcesoria dla dzieci<\/h4>\n\n\n\n<p><\/p>\n\n\n\n<p class=\"has-text-align-left\">Na \u017cyczenie udost\u0119pniamy akcesoria dla dzieci &#8211; \u0142\u00f3\u017ceczko turystyczne, wanienk\u0119, krzese\u0142ko do karmienia.<\/p>\n<\/div>\n\n\n\n<div class=\"wp-block-column is-vertically-aligned-top is-layout-flow wp-container-core-column-is-layout-6b73ce23 wp-block-column-is-layout-flow\">\n<figure class=\"wp-block-image size-large is-resized\"><img decoding=\"async\" src=\"https:\/\/apartamentypobierowo.com\/wp-content\/themes\/astra\/inc\/assets\/images\/starter-content\/blog.svg\" alt=\"\" class=\"wp-image-136\" style=\"width:48px;height:auto\"\/><\/figure>\n\n\n\n<h4 class=\"wp-block-heading has-text-align-left\" style=\"margin-top:16px\">Parking podziemny<\/h4>\n\n\n\n<p class=\"has-text-align-left\"><\/p>\n\n\n\n<p class=\"has-text-align-left\">Zapewniamy komfort tak\u017ce dla kierowc\u00f3w &#8211; prywatny parking podziemny. Tw\u00f3j samoch\u00f3d bezpieczny i pod r\u0119k\u0105.<\/p>\n<\/div>\n<\/div>\n<\/div>\n\n\n\n<div class=\"wp-block-group alignfull is-layout-constrained wp-container-core-group-is-layout-45b0ac4f wp-block-group-is-layout-constrained\" id=\"services\" style=\"padding-top:144px;padding-bottom:0px\">\n<h2 class=\"wp-block-heading\">Nasze apartamenty<\/h2>\n\n\n\n<div class=\"wp-block-columns is-layout-flex wp-container-core-columns-is-layout-60cbf9bb wp-block-columns-is-layout-flex\" style=\"margin-top:50px\">\n<div class=\"wp-block-column is-layout-flow wp-container-core-column-is-layout-6b73ce23 wp-block-column-is-layout-flow\">\n<figure class=\"wp-block-gallery has-nested-images columns-default is-cropped wp-block-gallery-2 is-layout-flex wp-block-gallery-is-layout-flex\">\n<figure class=\"wp-block-image size-full\"><img loading=\"lazy\" decoding=\"async\" width=\"1080\" height=\"1440\" data-id=\"88\" src=\"https:\/\/apartamentypobierowo.com\/wp-content\/uploads\/2025\/08\/5d01b34b-fd67-4693-a0ce-cf8711f8962e-1_all_1155.jpg\" alt=\"\" class=\"wp-image-88\" srcset=\"https:\/\/apartamentypobierowo.com\/wp-content\/uploads\/2025\/08\/5d01b34b-fd67-4693-a0ce-cf8711f8962e-1_all_1155.jpg 1080w, https:\/\/apartamentypobierowo.com\/wp-content\/uploads\/2025\/08\/5d01b34b-fd67-4693-a0ce-cf8711f8962e-1_all_1155-225x300.jpg 225w, https:\/\/apartamentypobierowo.com\/wp-content\/uploads\/2025\/08\/5d01b34b-fd67-4693-a0ce-cf8711f8962e-1_all_1155-768x1024.jpg 768w\" sizes=\"auto, (max-width: 1080px) 100vw, 1080px\" \/><\/figure>\n<\/figure>\n\n\n\n<h3 class=\"wp-block-heading\" style=\"margin-top:16px\">Apartament B03 z ogr\u00f3dkiem<\/h3>\n\n\n\n<div class=\"wp-block-bed-booking-room\"><div bb-widget-type=\"room\" bb-widget-room=\"817552\" class=\"bb-widget-holder\" id=\"widgetHolder_mjsj5s03s\"><\/div><\/div>\n\n\n\n<p>Pobierowo, ul. Grunwaldzka 12B\/3<\/p>\n\n\n\n<p>Opis<\/p>\n\n\n\n<div class=\"wp-block-bed-booking-room\"><div bb-widget-api-key=\"7004307eaf1eed6a495871ebfd0e29347623e400\" bb-widget-type=\"room\" bb-widget-room=\"817552\" class=\"bb-widget-holder\" id=\"widgetHolder_hqa0ogjha\"><\/div><\/div>\n<\/div>\n\n\n\n<div class=\"wp-block-column is-layout-flow wp-container-core-column-is-layout-6b73ce23 wp-block-column-is-layout-flow\">\n<figure class=\"wp-block-gallery has-nested-images columns-default is-cropped wp-block-gallery-3 is-layout-flex wp-block-gallery-is-layout-flex\">\n<figure class=\"wp-block-image size-full\"><img decoding=\"async\" data-id=\"232\" src=\"https:\/\/apartamentypobierowo.com\/wp-content\/themes\/astra\/inc\/assets\/images\/starter-content\/graphic.jpg\" alt=\"\" class=\"wp-image-232\"\/><\/figure>\n<\/figure>\n\n\n\n<h3 class=\"wp-block-heading\" style=\"margin-top:16px\">Studio B106 z balkonem<\/h3>\n\n\n\n<div class=\"wp-block-bed-booking-room\"><div bb-widget-type=\"room\" bb-widget-room=\"817553\" class=\"bb-widget-holder\" id=\"widgetHolder_4drn39fp3\"><\/div><\/div>\n\n\n\n<p>Pobierowo, ul. Grunwaldzka 6B\/106<\/p>\n\n\n\n<p>opis<\/p>\n\n\n\n<div class=\"wp-block-bed-booking-room\"><div bb-widget-api-key=\"7004307eaf1eed6a495871ebfd0e29347623e400\" bb-widget-type=\"room\" bb-widget-room=\"817553\" class=\"bb-widget-holder\" id=\"widgetHolder_n4a9tlps0\"><\/div><\/div>\n<\/div>\n\n\n\n<div class=\"wp-block-column is-layout-flow wp-container-core-column-is-layout-6b73ce23 wp-block-column-is-layout-flow\">\n<figure class=\"wp-block-gallery has-nested-images columns-default is-cropped wp-block-gallery-4 is-layout-flex wp-block-gallery-is-layout-flex\">\n<figure class=\"wp-block-image size-full\"><img decoding=\"async\" data-id=\"231\" src=\"https:\/\/apartamentypobierowo.com\/wp-content\/themes\/astra\/inc\/assets\/images\/starter-content\/web.jpg\" alt=\"\" class=\"wp-image-231\"\/><\/figure>\n<\/figure>\n\n\n\n<h3 class=\"wp-block-heading\" style=\"margin-top:16px\">Studio B110 z balkonem<\/h3>\n\n\n\n<div class=\"wp-block-bed-booking-room\"><div bb-widget-type=\"room\" bb-widget-room=\"817554\" class=\"bb-widget-holder\" id=\"widgetHolder_q49zjswqz\"><\/div><\/div>\n\n\n\n<p>Pobierowo, ul. Grunwaldzka 6B\/110<\/p>\n\n\n\n<p>opis<\/p>\n\n\n\n<div class=\"wp-block-bed-booking-room\"><div bb-widget-api-key=\"7004307eaf1eed6a495871ebfd0e29347623e400\" bb-widget-type=\"room\" bb-widget-room=\"817554\" class=\"bb-widget-holder\" id=\"widgetHolder_oki0ze9ls\"><\/div><\/div>\n<\/div>\n<\/div>\n<\/div>\n\n\n\n<div class=\"wp-block-group alignfull has-ast-global-color-4-background-color has-background is-layout-constrained wp-container-core-group-is-layout-6a2cfb7b wp-block-group-is-layout-constrained\" id=\"reviews\">\n<figure class=\"wp-block-image aligncenter size-full\"><img decoding=\"async\" src=\"https:\/\/apartamentypobierowo.com\/wp-content\/themes\/astra\/inc\/assets\/images\/starter-content\/avatar.png\" alt=\"\" class=\"wp-image-235\"\/><\/figure>\n\n\n\n<p class=\"has-text-align-center\" style=\"font-size:22px;line-height:1.6\">\u201cThe best part is that Astra comes with hundreds of professionally designed templates for just about every industry, makes it super easy for non-techy users to build a website.\u201d<\/p>\n\n\n\n<p class=\"has-text-align-center\"><strong>Wade Warren<\/strong><\/p>\n<\/div>\n\n\n\n<p><\/p>\n\n\n\n<div class=\"wp-block-group alignfull has-ast-global-color-5-background-color has-background is-layout-constrained wp-container-core-group-is-layout-94d206d0 wp-block-group-is-layout-constrained\" id=\"about\" style=\"padding-top:143px;padding-bottom:144px\">\n<div class=\"wp-block-media-text has-media-on-the-right is-stacked-on-mobile is-vertically-aligned-center\"><div class=\"wp-block-media-text__content\">\n<div class=\"inherit-container-width wp-block-group is-layout-constrained wp-container-core-group-is-layout-47ce07ec wp-block-group-is-layout-constrained\" style=\"padding-right:80px\">\n<h2 class=\"wp-block-heading\" style=\"padding-right:40px\">We help teams build the business of their dreams<\/h2>\n\n\n\n<p>Et in risus egestas nec vitae odio ac nibh vestibulum volutpat aliquet aenean erat lobortis non.<\/p>\n\n\n\n<p>Nibh egestas dictumst cursus est turpis quis tincidunt pulvinar maecenas eget massa vel, ante nam blandit egestas enim id quis sit maecenas id nunc tempus auctor orci, enim imperdiet proin nibh mattis.<\/p>\n<\/div>\n<\/div><figure class=\"wp-block-media-text__media\"><img decoding=\"async\" src=\"https:\/\/apartamentypobierowo.com\/wp-content\/themes\/astra\/inc\/assets\/images\/starter-content\/about-us.jpg\" alt=\"\" class=\"wp-image-237 size-full\"\/><\/figure><\/div>\n<\/div>\n\n\n\n<div class=\"wp-block-group alignfull is-layout-constrained wp-container-core-group-is-layout-3fee123f wp-block-group-is-layout-constrained\" id=\"whyus\" style=\"padding-top:144px;padding-bottom:144px\">\n<h2 class=\"wp-block-heading\">Dlaczego my?<\/h2>\n\n\n\n<div class=\"wp-block-columns is-layout-flex wp-container-core-columns-is-layout-29aadeec wp-block-columns-is-layout-flex\" style=\"margin-top:60px\">\n<div class=\"wp-block-column is-layout-flow wp-container-core-column-is-layout-6b73ce23 wp-block-column-is-layout-flow\">\n<figure class=\"wp-block-image size-large\"><img decoding=\"async\" src=\"https:\/\/apartamentypobierowo.com\/wp-content\/themes\/astra\/inc\/assets\/images\/starter-content\/passionate.svg\" alt=\"\" class=\"wp-image-162\"\/><\/figure>\n\n\n\n<h3 class=\"wp-block-heading\" style=\"margin-top:16px\">TOP lokalizacja<\/h3>\n\n\n\n<p>Na tyle blisko, by mie\u0107 wszystko pod r\u0119k\u0105. Na tyle daleko, by naprawd\u0119 odpocz\u0105\u0107. <\/p>\n<\/div>\n\n\n\n<div class=\"wp-block-column is-layout-flow wp-container-core-column-is-layout-6b73ce23 wp-block-column-is-layout-flow\">\n<figure class=\"wp-block-image size-large\"><img decoding=\"async\" src=\"https:\/\/apartamentypobierowo.com\/wp-content\/themes\/astra\/inc\/assets\/images\/starter-content\/professional.svg\" alt=\"\" class=\"wp-image-163\"\/><\/figure>\n\n\n\n<h3 class=\"wp-block-heading\" style=\"margin-top:16px\">Wysoki standard<\/h3>\n\n\n\n<p>Dbamy o ka\u017cdy szczeg\u00f3\u0142. Czysto\u015b\u0107, starannie dobrane wyposa\u017cenie i komfort.<\/p>\n<\/div>\n\n\n\n<div class=\"wp-block-column is-layout-flow wp-container-core-column-is-layout-6b73ce23 wp-block-column-is-layout-flow\">\n<figure class=\"wp-block-image size-large\"><img decoding=\"async\" src=\"https:\/\/apartamentypobierowo.com\/wp-content\/themes\/astra\/inc\/assets\/images\/starter-content\/support.svg\" alt=\"\" class=\"wp-image-164\"\/><\/figure>\n\n\n\n<h3 class=\"wp-block-heading\" style=\"margin-top:16px\">Go\u015bcinno\u015b\u0107 <\/h3>\n\n\n\n<p>Mamy bezp\u0142atne udogodnienia dla rodzin z ma\u0142ymi dzie\u0107mi. Akceptujemy ma\u0142e zwierz\u0119ta.<\/p>\n<\/div>\n<\/div>\n<\/div>\n\n\n\n<div class=\"wp-block-group alignfull has-background is-layout-constrained wp-container-core-group-is-layout-cfcca693 wp-block-group-is-layout-constrained\" id=\"contact\" style=\"background:linear-gradient(35deg,rgb(6,0,151) 0%,rgb(130,4,255) 64%,rgb(193,15,255) 98%);padding-top:104px;padding-bottom:104px\">\n<h2 class=\"wp-block-heading has-text-align-center has-text-color\" style=\"color:#ffffff\">Apartamenty MARIVA Pobierowo &#8211; komfortowy wypoczynek nad morzem, tu\u017c przy pla\u017cy i sosnowym lesie.<\/h2>\n\n\n\n<div class=\"wp-block-buttons alignwide is-horizontal is-content-justification-center is-layout-flex wp-container-core-buttons-is-layout-bba8380a wp-block-buttons-is-layout-flex\" style=\"margin-top:50px\">\n<div class=\"wp-block-button\"><a class=\"wp-block-button__link wp-element-button\">Zarezerwuj ju\u017c dzi\u015b!<\/a><\/div>\n<\/div>\n<\/div>\n\n\n\n<p><\/p>\n","protected":false},"excerpt":{"rendered":"<p>Blisko morza i lasu Odpocznij kilka krok\u00f3w od pla\u017cy i sosnowego lasu. Nasze apartamenty zlokalizowane s\u0105 w spokojnej cz\u0119\u015bci Pobierowa [&hellip;]<\/p>\n","protected":false},"author":1,"featured_media":0,"parent":0,"menu_order":0,"comment_status":"closed","ping_status":"closed","template":"","meta":{"site-sidebar-layout":"no-sidebar","site-content-layout":"plain-container","ast-site-content-layout":"default","site-content-style":"default","site-sidebar-style":"default","ast-global-header-display":"","ast-banner-title-visibility":"","ast-main-header-display":"","ast-hfb-above-header-display":"","ast-hfb-below-header-display":"","ast-hfb-mobile-header-display":"","site-post-title":"disabled","ast-breadcrumbs-content":"","ast-featured-img":"","footer-sml-layout":"","theme-transparent-header-meta":"enabled","adv-header-id-meta":"","stick-header-meta":"","header-above-stick-meta":"","header-main-stick-meta":"","header-below-stick-meta":"","astra-migrate-meta-layouts":"default","ast-page-background-enabled":"default","ast-page-background-meta":{"desktop":{"background-color":"var(--ast-global-color-5)","background-image":"","background-repeat":"repeat","background-position":"center center","background-size":"auto","background-attachment":"scroll","background-type":"","background-media":"","overlay-type":"","overlay-color":"","overlay-opacity":"","overlay-gradient":""},"tablet":{"background-color":"","background-image":"","background-repeat":"repeat","background-position":"center center","background-size":"auto","background-attachment":"scroll","background-type":"","background-media":"","overlay-type":"","overlay-color":"","overlay-opacity":"","overlay-gradient":""},"mobile":{"background-color":"","background-image":"","background-repeat":"repeat","background-position":"center center","background-size":"auto","background-attachment":"scroll","background-type":"","background-media":"","overlay-type":"","overlay-color":"","overlay-opacity":"","overlay-gradient":""}},"ast-content-background-meta":{"desktop":{"background-color":"var(--ast-global-color-4)","background-image":"","background-repeat":"repeat","background-position":"center center","background-size":"auto","background-attachment":"scroll","background-type":"","background-media":"","overlay-type":"","overlay-color":"","overlay-opacity":"","overlay-gradient":""},"tablet":{"background-color":"var(--ast-global-color-4)","background-image":"","background-repeat":"repeat","background-position":"center center","background-size":"auto","background-attachment":"scroll","background-type":"","background-media":"","overlay-type":"","overlay-color":"","overlay-opacity":"","overlay-gradient":""},"mobile":{"background-color":"var(--ast-global-color-4)","background-image":"","background-repeat":"repeat","background-position":"center center","background-size":"auto","background-attachment":"scroll","background-type":"","background-media":"","overlay-type":"","overlay-color":"","overlay-opacity":"","overlay-gradient":""}},"footnotes":""},"class_list":["post-31","page","type-page","status-publish","hentry"],"_links":{"self":[{"href":"https:\/\/apartamentypobierowo.com\/index.php\/wp-json\/wp\/v2\/pages\/31","targetHints":{"allow":["GET"]}}],"collection":[{"href":"https:\/\/apartamentypobierowo.com\/index.php\/wp-json\/wp\/v2\/pages"}],"about":[{"href":"https:\/\/apartamentypobierowo.com\/index.php\/wp-json\/wp\/v2\/types\/page"}],"author":[{"embeddable":true,"href":"https:\/\/apartamentypobierowo.com\/index.php\/wp-json\/wp\/v2\/users\/1"}],"replies":[{"embeddable":true,"href":"https:\/\/apartamentypobierowo.com\/index.php\/wp-json\/wp\/v2\/comments?post=31"}],"version-history":[{"count":29,"href":"https:\/\/apartamentypobierowo.com\/index.php\/wp-json\/wp\/v2\/pages\/31\/revisions"}],"predecessor-version":[{"id":91,"href":"https:\/\/apartamentypobierowo.com\/index.php\/wp-json\/wp\/v2\/pages\/31\/revisions\/91"}],"wp:attachment":[{"href":"https:\/\/apartamentypobierowo.com\/index.php\/wp-json\/wp\/v2\/media?parent=31"}],"curies":[{"name":"wp","href":"https:\/\/api.w.org\/{rel}","templated":true}]}}